{"id":1624,"date":"2022-12-25T08:32:47","date_gmt":"2022-12-25T08:32:47","guid":{"rendered":"https:\/\/fwg-bovenden.net\/?page_id=1624"},"modified":"2022-12-25T08:38:54","modified_gmt":"2022-12-25T08:38:54","slug":"haushaltsrede-2023","status":"publish","type":"page","link":"https:\/\/fwg-bovenden.net\/?page_id=1624","title":{"rendered":"Haushaltsrede 2023"},"content":{"rendered":"\t\t<div data-elementor-type=\"wp-page\" data-elementor-id=\"1624\" class=\"elementor elementor-1624\">\n\t\t\t\t<div class=\"elementor-element elementor-element-a560c2d e-flex e-con-boxed e-con e-parent\" data-id=\"a560c2d\" data-element_type=\"container\">\n\t\t\t\t\t<div class=\"e-con-inner\">\n\t\t\t\t<div class=\"elementor-element elementor-element-63ebbfd elementor-widget elementor-widget-heading\" data-id=\"63ebbfd\" data-element_type=\"widget\" data-widget_type=\"heading.default\">\n\t\t\t\t<div class=\"elementor-widget-container\">\n\t\t\t\t\t<h2 class=\"elementor-heading-title elementor-size-default\">Haushaltsrede  2023<\/h2>\t\t\t\t<\/div>\n\t\t\t\t<\/div>\n\t\t\t\t\t<\/div>\n\t\t\t\t<\/div>\n\t\t<div class=\"elementor-element elementor-element-763bc76 e-flex e-con-boxed e-con e-parent\" data-id=\"763bc76\" data-element_type=\"container\">\n\t\t\t\t\t<div class=\"e-con-inner\">\n\t\t\t\t<div class=\"elementor-element elementor-element-f46f58d elementor-widget elementor-widget-text-editor\" data-id=\"f46f58d\" data-element_type=\"widget\" data-widget_type=\"text-editor.default\">\n\t\t\t\t<div class=\"elementor-widget-container\">\n\t\t\t\t\t\t\t\t\t<p>Fraktionsvorsitzender Dr. Reinhard Bodenburg<\/p>\t\t\t\t\t\t\t\t<\/div>\n\t\t\t\t<\/div>\n\t\t\t\t\t<\/div>\n\t\t\t\t<\/div>\n\t\t<div class=\"elementor-element elementor-element-3d93c20 e-flex e-con-boxed e-con e-parent\" data-id=\"3d93c20\" data-element_type=\"container\">\n\t\t\t\t\t<div class=\"e-con-inner\">\n\t\t\t\t<div class=\"elementor-element elementor-element-a4e9f0f elementor-widget elementor-widget-text-editor\" data-id=\"a4e9f0f\" data-element_type=\"widget\" data-widget_type=\"text-editor.default\">\n\t\t\t\t<div class=\"elementor-widget-container\">\n\t\t\t\t\t\t\t\t\t<p><strong>Sehr geehrter Herr Vorsitzender, <\/strong><br \/><strong>sehr geehrter Herr B\u00fcrgermeister Brandes, <\/strong><br \/><strong>liebe Kolleginnen und Kollegen, <\/strong><br \/><strong>meine sehr geehrten Damen und Herren, <\/strong><\/p><p><strong>wir z\u00e4hlen das Jahr 3 der Corona-Epidemie mit erheblichen Auswirkungen auf unser Leben und auch auf die Finanzen unserer Gemeinde. Wer in den beiden vergangenen Jahren annahm, &#8222;Corona&#8220; stelle eine vor\u00fcbergehende Beeintr\u00e4chtigung unseres menschlichen Zusammenlebens dar, wird erkennen m\u00fcssen, dass uns das Virus fortan begleitet, es wird wie die Grippe immer wieder auch st\u00e4rker zuschlagen aber Dank einer sich verbessernden Immunisierung durch Impfungen und durchgemachte Erkrankungen ist es beherrschbar geworden. R\u00fcckschauend betrachtet hat &#8222;Corona&#8220; auch unserem Haushalt weniger zugesetzt als zun\u00e4chst bef\u00fcrchtet, sei es durch aufgespannte Rettungsschirme, Erh\u00f6hung der Schl\u00fcsselzuweisungen oder auch eine einmalige Senkung der Kreisumlage.<\/strong><\/p><p><strong>Aber es droht neues Ungemach<\/strong><\/p><p><strong>Der am 24.02.2022 begonnene Angriffskrieg in der Ukraine stellt nicht nur die Menschen im t\u00e4glichen Leben vor nahezu fr\u00fcher nicht vorstellbare Herausforderungen (galoppierende Energiepreise f\u00fcr Gas, Benzin und Strom, nach oben schie\u00dfende Lebensmittelpreise, eine Inflationsrate und damit Geldentwertung von zurzeit 10 %, steigende Kreditzinsen) mit der tr\u00fcben Aussicht, dass alles noch viel schlimmer werden kann, wenn nicht bald dieser unsinnige Krieg beendet wird. Auch unser Haushalt sp\u00fcrt ganz konkret die negativen Auswirkungen dieses Angriffskrieges: F\u00fcr Gas und Strom werden in 2023 Mehraufwendungen von 527.300,00 \u20ac erwartet.\u00a0<\/strong><\/p><p><strong>Meine Damen und Herren: Dieser Mehraufwand an Energiekosten verschlingt z.B. 26,67 % unserer Grundsteuer B, die im Jahre 2023 mit 1,977 Mio. Euro erwartet wird. Es kommen weitere Belastungen hinzu. So ist im Jahre 2023 wieder ein Hebesatz der Kreisumlage von 50 % vorgesehen, weil die Senkung der Kreisumlage auf einen Hebesatz von 45 % der Schl\u00fcsselzuweisungen nur einmalig f\u00fcr 2022 galt. Mehraufwand f\u00fcr den Haushalt 2023: 903.000,00 \u20ac.<\/strong><\/p><p><strong>Aber das ist noch nicht das Ende des Schreckens: Aufgrund unseres neuen Schuldenstandes von 32,86 Mio. Euro erh\u00f6ht sich der Zinsdienst im Jahre 2023 auf 550.500,00 \u20ac -Mehraufwand 90.000,00 \u20ac und dazu erh\u00f6hen sich die Tilgungszahlungen auf die Kredite um 35.000,00 \u20ac auf nunmehr 1.346. 700,00 \u20ac.<\/strong><\/p><p><strong>Diese Mehrbelastungen zeigen auf, dass es an der Zeit ist, die Kreditaufnahmen f\u00fcr Investitionen dringend zur\u00fcckzufahren, denn was im Finanzhaushalt ausgegeben wird muss zun\u00e4chst im Ergebnishaushalt hereingeholt werden. Dabei d\u00fcrfen die von der Gemeinde dringend zu erf\u00fcllenden Aufgaben der Zukunftssicherung nat\u00fcrlich nicht vernachl\u00e4ssigt werden -Stichworte: Zu ku nftssicheru ng, Daseinsvorsorge, Klimaschutz, Digitalisierung, Kinderg\u00e4rten Schulen, sowie Sport- und Kultureinrichtungen. <\/strong><\/p><p><strong>Wenn ich mir die Investitionen unter dieser Pr\u00e4misse anschaue l\u00e4sst sich feststellen, dass wir hier mit Augenma\u00df wichtige Weichen f\u00fcr die Zukunft gestellt haben. Beispielhaft sei der Neubau der Kita Reyershausen mit 815.000,00 \u20ac (einschlie\u00dflich der Inventaranschaffung) als herausragende Investition genannt, gleichfalls der Betrag von 90.000,00 \u20ac f\u00fcr die Digitalisierung der Grundschulen Bovenden, Leng lern, Eddigehausen und Reyershausen. <\/strong><\/p><p><strong>Ich meine, dass mit diesen Investitionen einerseits Notwendigkeiten erledigt und andererseits Erwartungen erf\u00fcllt werden, die -und das muss man wissen- indes nicht in jedem Jahr wiederholt werden k\u00f6nnen. Das gibt die Finanzkraft der Gemeinde nicht her. Wenn ich das richtig sehe, wird schon f\u00fcr 2023 ein Haushaltssicherungskonzept notwendig werden, um haushaltsrechtlich wieder &#8222;im gr\u00fcnen Bereich&#8220; zu sein. Praktisch bedeutet das: Es muss gespart werden. S\u00e4mtliche freiwilligen Leistungen kommen auf den Pr\u00fcfstand und auch eine Erh\u00f6hung der Grundsteuern darf kein Tabu mehr sein. <\/strong><\/p><p><strong>Ich erw\u00e4hne: Unser Schuldenstand betr\u00e4gt mehr als 32 Mio. Euro und unsere Schulden haben sich von 2019 bis 2023 -also in lediglich 4 Jahren- um nahezu 9,1 Mio. erh\u00f6ht. Das muss bedacht werden, wenn \u00fcber neue Investitionen dar\u00fcber hinaus gesprochen wird wobei man wissen muss, dass sich das Zinsniveau f\u00fcr Darlehenszinsen in den letzten Monaten vervielfacht hat. Es folgt zwingend die Erkenntnis, dass es jedenfalls mit diesem Tempo der Kreditaufnahme so nicht weitergehen kann, auch wenn viele w\u00fcnschenswerte und notwendige Investitionen bereits am Horizont mehr als deutlich sichtbar werden, wobei ich vornehmlich den Klimaschutz, die Investitionen f\u00fcr Stromerzeugung und auch den Ausbau der Radwege erw\u00e4hnen will. Summa summarum l\u00e4sst sich \u00fcr 2023 der jetzt erstellte Haushalt in seiner Gesamtheit noch als ausgewogen und als &#8222;Blick f\u00fcr das Wesentliche&#8220; beschreiben.\u00a0<\/strong><\/p><p><strong>Am Ende bleibt mir, den Wunsch zu \u00e4u\u00dfern, dass wir uns trotz unterschiedlicher Meinungen und politischen \u00dcberzeugungen immer um eine gute und sachliche Zusammenarbeit im Interesse unserer Gemeinde bem\u00fchen sollten und in m\u00f6glichst vielen Fragen nicht nur an einem Strang, sondern auch an diesem Strang in die gleiche Richtung ziehen sollten. <\/strong><\/p><p><strong>An dieser Stelle darf ich den Verantwortlichen der Fleckenverwaltung, die diesen Haushalt erarbeitet haben und allen Mitarbeitern und Mitarbeiterinnen des Flecken Bovenden, die Hand angelegt haben, diesen Haushalt zu erstellen insbesondere unseren K\u00e4mmerer Herrn Schwerin und auch Ihnen, Herr B\u00fcrgermeister Brandes, herzlich danken. <\/strong><\/p><p><strong>Die FWG-Fraktion im Gemeinderat des Flecken Bovenden wird dem Haushalt 2023 und der Finanzplanung zustimmen.<\/strong><\/p><p><br \/><strong>Dr. Bodenburg <\/strong><br \/><strong>Fraktionsvorsitzender FWG <\/strong><\/p>\t\t\t\t\t\t\t\t<\/div>\n\t\t\t\t<\/div>\n\t\t\t\t\t<\/div>\n\t\t\t\t<\/div>\n\t\t\t\t<\/div>\n\t\t","protected":false},"excerpt":{"rendered":"<p>Haushaltsrede 2023 Fraktionsvorsitzender Dr. Reinhard Bodenburg Sehr geehrter Herr Vorsitzender, sehr geehrter Herr B\u00fcrgermeister Brandes, liebe Kolleginnen und Kollegen, meine sehr geehrten Damen und Herren, wir z\u00e4hlen das Jahr 3 der Corona-Epidemie mit erheblichen Auswirkungen auf unser Leben und auch auf die Finanzen unserer Gemeinde. Wer in den beiden vergangenen Jahren annahm, &#8222;Corona&#8220; stelle eine [&hellip;]<\/p>\n","protected":false},"author":1,"featured_media":0,"parent":0,"menu_order":0,"comment_status":"closed","ping_status":"closed","template":"","meta":{"footnotes":""},"_links":{"self":[{"href":"https:\/\/fwg-bovenden.net\/index.php?rest_route=\/wp\/v2\/pages\/1624"}],"collection":[{"href":"https:\/\/fwg-bovenden.net\/index.php?rest_route=\/wp\/v2\/pages"}],"about":[{"href":"https:\/\/fwg-bovenden.net\/index.php?rest_route=\/wp\/v2\/types\/page"}],"author":[{"embeddable":true,"href":"https:\/\/fwg-bovenden.net\/index.php?rest_route=\/wp\/v2\/users\/1"}],"replies":[{"embeddable":true,"href":"https:\/\/fwg-bovenden.net\/index.php?rest_route=%2Fwp%2Fv2%2Fcomments&post=1624"}],"version-history":[{"count":4,"href":"https:\/\/fwg-bovenden.net\/index.php?rest_route=\/wp\/v2\/pages\/1624\/revisions"}],"predecessor-version":[{"id":1628,"href":"https:\/\/fwg-bovenden.net\/index.php?rest_route=\/wp\/v2\/pages\/1624\/revisions\/1628"}],"wp:attachment":[{"href":"https:\/\/fwg-bovenden.net\/index.php?rest_route=%2Fwp%2Fv2%2Fmedia&parent=1624"}],"curies":[{"name":"wp","href":"https:\/\/api.w.org\/{rel}","templated":true}]}}