{"id":756,"date":"2022-08-23T12:20:11","date_gmt":"2022-08-23T12:20:11","guid":{"rendered":"http:\/\/fwg-bovenden.net\/?page_id=756"},"modified":"2022-08-26T07:51:44","modified_gmt":"2022-08-26T07:51:44","slug":"impressum","status":"publish","type":"page","link":"https:\/\/fwg-bovenden.net\/?page_id=756","title":{"rendered":"Impressum"},"content":{"rendered":"\t\t<div data-elementor-type=\"wp-page\" data-elementor-id=\"756\" class=\"elementor elementor-756\">\n\t\t\t\t<div class=\"elementor-element elementor-element-0c40201 e-flex e-con-boxed e-con e-parent\" data-id=\"0c40201\" data-element_type=\"container\">\n\t\t\t\t\t<div class=\"e-con-inner\">\n\t\t<div class=\"elementor-element elementor-element-43e909c e-con-full e-flex e-con e-child\" data-id=\"43e909c\" data-element_type=\"container\">\n\t\t\t\t<div class=\"elementor-element elementor-element-185edea elementor-widget elementor-widget-image\" data-id=\"185edea\" data-element_type=\"widget\" data-widget_type=\"image.default\">\n\t\t\t\t<div class=\"elementor-widget-container\">\n\t\t\t\t\t\t\t\t\t\t\t\t\t\t\t<img fetchpriority=\"high\" decoding=\"async\" width=\"2048\" height=\"1024\" src=\"https:\/\/fwg-bovenden.net\/wp-content\/uploads\/2022\/08\/AdobeStock_292854130-2048x1024.jpg\" class=\"attachment-2048x2048 size-2048x2048 wp-image-1036\" alt=\"\" srcset=\"https:\/\/fwg-bovenden.net\/wp-content\/uploads\/2022\/08\/AdobeStock_292854130-2048x1024.jpg 2048w, https:\/\/fwg-bovenden.net\/wp-content\/uploads\/2022\/08\/AdobeStock_292854130-300x150.jpg 300w, https:\/\/fwg-bovenden.net\/wp-content\/uploads\/2022\/08\/AdobeStock_292854130-1024x512.jpg 1024w, https:\/\/fwg-bovenden.net\/wp-content\/uploads\/2022\/08\/AdobeStock_292854130-768x384.jpg 768w, https:\/\/fwg-bovenden.net\/wp-content\/uploads\/2022\/08\/AdobeStock_292854130-1536x768.jpg 1536w\" sizes=\"(max-width: 2048px) 100vw, 2048px\" \/>\t\t\t\t\t\t\t\t\t\t\t\t\t\t\t<\/div>\n\t\t\t\t<\/div>\n\t\t\t\t<\/div>\n\t\t\t\t\t<\/div>\n\t\t\t\t<\/div>\n\t\t<div class=\"elementor-element elementor-element-1fb5fa8 e-flex e-con-boxed e-con e-parent\" data-id=\"1fb5fa8\" data-element_type=\"container\">\n\t\t\t\t\t<div class=\"e-con-inner\">\n\t\t<div class=\"elementor-element elementor-element-b6a43d6 e-con-full e-flex e-con e-child\" data-id=\"b6a43d6\" data-element_type=\"container\">\n\t\t\t\t<div class=\"elementor-element elementor-element-61e9dd9 elementor-widget elementor-widget-text-editor\" data-id=\"61e9dd9\" data-element_type=\"widget\" data-widget_type=\"text-editor.default\">\n\t\t\t\t<div class=\"elementor-widget-container\">\n\t\t\t\t\t\t\t\t\t<p><strong>Freie W\u00e4hlergemeinschaft<br \/>Bovenden e.V.\u00a0<\/strong>\u00a0<\/p><p><b>Verantwortlich f\u00fcr den Inhalt:\u00a0<\/b> \u00a0 \u00a0 \u00a0 \u00a0 \u00a0<\/p><p>\u00a0Vorsitzender<br \/>Hans Sch\u00e4fer\u00a0 \u00a0 \u00a0 \u00a0 \u00a0 \u00a0 \u00a0 \u00a0 \u00a0 \u00a0 \u00a0 \u00a0 \u00a0 \u00a0 \u00a0 \u00a0 \u00a0\u00a0<br \/>Junkernbreite 17<br \/>37120 Bovenden<br \/>Telefon: 05593 1446\u00a0 \u00a0 \u00a0 \u00a0 \u00a0 \u00a0 \u00a0 \u00a0 \u00a0 \u00a0 \u00a0 \u00a0 \u00a0 \u00a0 \u00a0 \u00a0 \u00a0 \u00a0 \u00a0 \u00a0 \u00a0 \u00a0 <span style=\"font-size: 16px; color: var( --e-global-color-text ); letter-spacing: var( --e-global-typography-text-letter-spacing ); text-transform: var( --e-global-typography-text-text-transform ); word-spacing: var( --e-global-typography-text-word-spacing ); background-color: var( --e-global-color-c696dce );\">Mobil: 0151 61718093<br \/><\/span><span style=\"font-size: 16px; color: var( --e-global-color-text ); letter-spacing: var( --e-global-typography-text-letter-spacing ); text-transform: var( --e-global-typography-text-text-transform ); word-spacing: var( --e-global-typography-text-word-spacing ); background-color: var( --e-global-color-c696dce );\">post@hans-schaefer.net\u00a0 \u00a0 \u00a0 \u00a0 \u00a0 \u00a0 \u00a0\u00a0<\/span><\/p><p>Fraktionsvorsitzender\/<br \/>Gruppensprecher\u00a0<\/p><p>Dr. Reinhard Bodenburg\u00a0<\/p><p>Friedrich-M\u00fcnter-Stra\u00dfe 12<br \/>37120 Bovenden \u00a0<\/p><p>Telefon: 0551 82497<br \/>Mobil: 0151-11568058<br \/>r.bodenburg@sbzw.de\u00a0<\/p><p>Email der FWG:<br \/>info@fwg-bovenden.de<\/p>\t\t\t\t\t\t\t\t<\/div>\n\t\t\t\t<\/div>\n\t\t\t\t<\/div>\n\t\t<div class=\"elementor-element elementor-element-2615b7e e-con-full e-flex e-con e-child\" data-id=\"2615b7e\" data-element_type=\"container\">\n\t\t\t\t<div class=\"elementor-element elementor-element-5f3b2c3 elementor-widget elementor-widget-text-editor\" data-id=\"5f3b2c3\" data-element_type=\"widget\" data-widget_type=\"text-editor.default\">\n\t\t\t\t<div class=\"elementor-widget-container\">\n\t\t\t\t\t\t\t\t\t<p><strong>Haftung f\u00fcr Inhalte<\/strong><\/p><p>Obwohl wir uns um Aktualit\u00e4t, Vollst\u00e4ndigkeit und Richtigkeit der Inhalte unserer Seiten bem\u00fchen, k\u00f6nnen wir hierf\u00fcr keine Garantie \u00fcbernehmen.<\/p><p>Nach \u00a7 7 Absatz 1 TDG sind wir als Diensteanbieter f\u00fcr eigene Inhalte auf unseren Seiten nach den allgemeinen Gesetzen verantwortlich.<\/p><p>Eine Verpflichtung zur \u00dcberwachung \u00fcbermittelter oder gespeicherter fremder Informationen besteht jedoch nicht (\u00a7\u00a7 8-10 TDG). Sobald uns Rechtsverst\u00f6\u00dfe bekannt werden, werden wir die entsprechenden Inhalte umgehend entfernen. Eine dahingehende Haftung wird jedoch erst ab dem Zeitpunkt der Kenntnis konkreter Rechtsverletzungen \u00fcbernommen.<\/p>\t\t\t\t\t\t\t\t<\/div>\n\t\t\t\t<\/div>\n\t\t\t\t<\/div>\n\t\t<div class=\"elementor-element elementor-element-ea9acf2 e-con-full e-flex e-con e-child\" data-id=\"ea9acf2\" data-element_type=\"container\">\n\t\t\t\t<div class=\"elementor-element elementor-element-cac192f elementor-widget elementor-widget-text-editor\" data-id=\"cac192f\" data-element_type=\"widget\" data-widget_type=\"text-editor.default\">\n\t\t\t\t<div class=\"elementor-widget-container\">\n\t\t\t\t\t\t\t\t\t<p><strong>Haftung f\u00fcr Links<\/strong><\/p><p>Unsere Seiten enthalten Links auf externe Webseiten Dritter. Auf die Inhalte dieser verlinkten Webseiten haben wir keinen Einfluss. F\u00fcr die Richtigkeit der Inhalte ist immer der jeweilige Anbieter oder Betreiber verantwortlich, weshalb wir diesbez\u00fcglich keinerlei Gew\u00e4hr \u00fcbernehmen.<\/p><p>Die fremden Webseiten haben wir zum Zeitpunkt der Verlinkung auf m\u00f6gliche Rechtsverst\u00f6\u00dfe \u00fcberpr\u00fcft. Zum Zeitpunkt der Verlinkung waren keinerlei Rechtsverletzungen erkennbar. Eine st\u00e4ndige \u00dcberpr\u00fcfung s\u00e4mtlicher Inhalte der von uns verlinkten Seiten ohne tats\u00e4chliche Anhaltspunkte f\u00fcr einen Rechtsversto\u00df k\u00f6nnen wir nicht leisten. Falls uns Rechtsverletzungen bekannt werden, werden wir die entsprechenden Links sofort entfernen.<\/p>\t\t\t\t\t\t\t\t<\/div>\n\t\t\t\t<\/div>\n\t\t\t\t<\/div>\n\t\t<div class=\"elementor-element elementor-element-8063cd4 e-con-full e-flex e-con e-child\" data-id=\"8063cd4\" data-element_type=\"container\">\n\t\t\t\t<div class=\"elementor-element elementor-element-c9bedb0 elementor-widget elementor-widget-text-editor\" data-id=\"c9bedb0\" data-element_type=\"widget\" data-widget_type=\"text-editor.default\">\n\t\t\t\t<div class=\"elementor-widget-container\">\n\t\t\t\t\t\t\t\t\t<p><strong>Urheberrecht<\/strong><\/p><p>Die durch den Betreiber dieser Seite erstellten Inhalte und Werke auf diesen Webseiten unterliegen dem deutschen Urheberrecht. S\u00e4mtliche Beitr\u00e4ge Dritter sind als solche gekennzeichnet. Die Vervielf\u00e4ltigung, Bearbeitung, Verbreitung und jede Art der Verwertung au\u00dferhalb der Grenzen des Urheberrechts bed\u00fcrfen der schriftlichen Zustimmung des jeweiligen Autors bzw. Erstellers. Kopien von diesen Seiten sind nur f\u00fcr den privaten Bereich gestattet, nicht jedoch f\u00fcr kommerzielle Zwecke.<\/p>\t\t\t\t\t\t\t\t<\/div>\n\t\t\t\t<\/div>\n\t\t\t\t<\/div>\n\t\t\t\t\t<\/div>\n\t\t\t\t<\/div>\n\t\t<div class=\"elementor-element elementor-element-1eec4a1 e-flex e-con-boxed e-con e-parent\" data-id=\"1eec4a1\" data-element_type=\"container\">\n\t\t\t\t\t<div class=\"e-con-inner\">\n\t\t<div class=\"elementor-element elementor-element-94d3b67 e-con-full e-flex e-con e-child\" data-id=\"94d3b67\" data-element_type=\"container\">\n\t\t\t\t<div class=\"elementor-element elementor-element-d8caa6a elementor-widget elementor-widget-spacer\" data-id=\"d8caa6a\" data-element_type=\"widget\" data-widget_type=\"spacer.default\">\n\t\t\t\t<div class=\"elementor-widget-container\">\n\t\t\t\t\t\t\t<div class=\"elementor-spacer\">\n\t\t\t<div class=\"elementor-spacer-inner\"><\/div>\n\t\t<\/div>\n\t\t\t\t\t\t<\/div>\n\t\t\t\t<\/div>\n\t\t\t\t<\/div>\n\t\t\t\t\t<\/div>\n\t\t\t\t<\/div>\n\t\t<div class=\"elementor-element elementor-element-1bf0aea e-flex e-con-boxed e-con e-parent\" data-id=\"1bf0aea\" data-element_type=\"container\">\n\t\t\t\t\t<div class=\"e-con-inner\">\n\t\t<div class=\"elementor-element elementor-element-03a59f8 e-con-full e-flex e-con e-child\" data-id=\"03a59f8\" data-element_type=\"container\">\n\t\t\t\t<\/div>\n\t\t\t\t\t<\/div>\n\t\t\t\t<\/div>\n\t\t\t\t<\/div>\n\t\t","protected":false},"excerpt":{"rendered":"<p>Freie W\u00e4hlergemeinschaftBovenden e.V.\u00a0\u00a0 Verantwortlich f\u00fcr den Inhalt:\u00a0 \u00a0 \u00a0 \u00a0 \u00a0 \u00a0 \u00a0VorsitzenderHans Sch\u00e4fer\u00a0 \u00a0 \u00a0 \u00a0 \u00a0 \u00a0 \u00a0 \u00a0 \u00a0 \u00a0 \u00a0 \u00a0 \u00a0 \u00a0 \u00a0 \u00a0 \u00a0\u00a0Junkernbreite 1737120 BovendenTelefon: 05593 1446\u00a0 \u00a0 \u00a0 \u00a0 \u00a0 \u00a0 \u00a0 \u00a0 \u00a0 \u00a0 \u00a0 \u00a0 \u00a0 \u00a0 \u00a0 \u00a0 \u00a0 \u00a0 \u00a0 \u00a0 \u00a0 \u00a0 [&hellip;]<\/p>\n","protected":false},"author":1,"featured_media":0,"parent":0,"menu_order":0,"comment_status":"closed","ping_status":"closed","template":"","meta":{"footnotes":""},"_links":{"self":[{"href":"https:\/\/fwg-bovenden.net\/index.php?rest_route=\/wp\/v2\/pages\/756"}],"collection":[{"href":"https:\/\/fwg-bovenden.net\/index.php?rest_route=\/wp\/v2\/pages"}],"about":[{"href":"https:\/\/fwg-bovenden.net\/index.php?rest_route=\/wp\/v2\/types\/page"}],"author":[{"embeddable":true,"href":"https:\/\/fwg-bovenden.net\/index.php?rest_route=\/wp\/v2\/users\/1"}],"replies":[{"embeddable":true,"href":"https:\/\/fwg-bovenden.net\/index.php?rest_route=%2Fwp%2Fv2%2Fcomments&post=756"}],"version-history":[{"count":25,"href":"https:\/\/fwg-bovenden.net\/index.php?rest_route=\/wp\/v2\/pages\/756\/revisions"}],"predecessor-version":[{"id":1456,"href":"https:\/\/fwg-bovenden.net\/index.php?rest_route=\/wp\/v2\/pages\/756\/revisions\/1456"}],"wp:attachment":[{"href":"https:\/\/fwg-bovenden.net\/index.php?rest_route=%2Fwp%2Fv2%2Fmedia&parent=756"}],"curies":[{"name":"wp","href":"https:\/\/api.w.org\/{rel}","templated":true}]}}